{"id":610,"date":"2020-11-10T16:36:51","date_gmt":"2020-11-10T15:36:51","guid":{"rendered":"http:\/\/ecoleduqi-lereseau.org\/?page_id=610"},"modified":"2026-03-16T18:07:01","modified_gmt":"2026-03-16T17:07:01","slug":"le-reseau","status":"publish","type":"page","link":"https:\/\/ecoleduqi-lereseau.org\/index.php\/le-reseau\/","title":{"rendered":"Le r\u00e9seau"},"content":{"rendered":"\n<div class=\"wp-block-image\"><figure class=\"alignright size-large\"><img loading=\"lazy\" width=\"300\" height=\"277\" src=\"http:\/\/ecoleduqi-lereseau.org\/wp-content\/uploads\/2019\/03\/133600arbrebulles-300x277.png\" alt=\"\" class=\"wp-image-180\"\/><\/figure><\/div>\n\n\n\n<p><\/p>\n\n\n\n<p><\/p>\n\n\n\n<p class=\"has-text-align-left\">Pour perp\u00e9tuer&nbsp;la dynamique&nbsp;de l\u2019\u00e9cole du Qi&nbsp;cr\u00e9\u00e9e en 2000 par Dominique Banizette et Zef Bourdet&nbsp;,&nbsp;nous avons mis en place \u00ab le&nbsp;r\u00e9seau de la lign\u00e9e de l\u2019\u00e9cole du Qi \u00bb &nbsp;dont les objectifs sont :<br><\/p>\n\n\n\n<ol><li>Favoriser les liens\u00a0entre pratiquants et\u00a0enseignants de Qi Gong reli\u00e9s \u00e0 l\u2019\u00e9cole du Qi.<\/li><li>Favoriser l\u2019\u00e9volution de la qualit\u00e9 de la pratique et de la p\u00e9dagogie de chacun.\u00a0<\/li><li>Mettre en place des espaces d\u2019\u00e9change physiques\u00a0et virtuels permettant r\u00e9flexions et partage de nos exp\u00e9riences dans les diff\u00e9rents domaines de la pratique et de la p\u00e9dagogie du Qi Gong\u00a0:<br>&#8211; avec\u00a0les rencontres annuelles\u00a0\u00e0\u00a0Joannas, les 1ers week-end d\u2019octobre<br>&#8211;  avec des rencontres d\u00e9centralis\u00e9es ou des retrouvailles dans\u00a0d\u2019autres lieux<br>&#8211; et\u00a0un site avec les dates des diff\u00e9rentes rencontres et un listing des membres du r\u00e9seau\u00a0pour se mettre en lien les uns et les autres.( <a rel=\"noreferrer noopener\" href=\"https:\/\/ecoleduqi-lereseau.org\/\" target=\"_blank\"><u>https:\/\/ecoleduqi-lereseau.org\/<\/u><\/a>)<\/li><li>Garder la r\u00e9f\u00e9rence \u00e0 la sp\u00e9cificit\u00e9 de l\u2019enseignement de Dominique Banizette tout en tenant compte de\u00a0l\u2019\u00e9volution des diff\u00e9rents objectifs du r\u00e9seau qui peuvent s\u2019ajuster chaque ann\u00e9e .\u00a0<br><br>Il est compos\u00e9:<br>&#8211; des\u00a0\u00e9l\u00e8ves et\u00a0anciens \u00e9l\u00e8ves de l\u2019\u00e9cole du Qi ayant fini leur deuxi\u00e8me cycle.\u00a0<br>&#8211; des \u00e9l\u00e8ves en deuxi\u00e8me ann\u00e9e de deuxi\u00e8me cycle\u00a0de l &lsquo;\u00e9cole \u00ab L\u2019inspire et le geste\u00bb.\u00a0<br>&#8211; des \u00e9l\u00e8ves d\u2019enseignants r\u00e9f\u00e9rents de la lign\u00e9e dont le niveau serait \u00e9quivalent \u00e0 une 2e ann\u00e9e de 2e cycle en cours.<br>&#8211; de\u00a0<a rel=\"noreferrer noopener\" href=\"http:\/\/ecoleduqi-lereseau.org\/index.php\/enseignants-referents\/\" target=\"_blank\"><u>membres\u00a0r\u00e9f\u00e9rents<\/u><\/a> (enseignant ou non) de la Lign\u00e9e nomm\u00e9s par Dominique Banizette en fonction de leur qualit\u00e9 de pratique et de p\u00e9dagogie. Ils servent de r\u00e9f\u00e9rents pour perp\u00e9tuer la qualit\u00e9 de pratique et d\u2019enseignement de la lign\u00e9e de l\u2019\u00e9cole du Qi. Ils leur aient demand\u00e9 de maintenir le lien avec l\u2019\u00e9cole en assistant \u00e0 au moins une rencontre r\u00e9seau tous les deux ans et un stage Nei Gong tous les deux ans. Un listing des membres et de leurs coordonn\u00e9es est r\u00e9guli\u00e8rement mis \u00e0 jour sur\u00a0<a rel=\"noreferrer noopener\" href=\"http:\/\/ecoleduqi-lereseau.org\/index.php\/enseignants-membres-du-reseau\/\" target=\"_blank\"><u>le site du r\u00e9seau<\/u><\/a>. Chaque membre r\u00e9f\u00e9rent dispose d\u2019un logo qu\u2019il pourra int\u00e9grer dans ses diverses communications afin de notifier son appartenance \u00e0 la lign\u00e9e de l\u2019\u00e9cole et \u00e0 son r\u00e9seau.<\/li><\/ol>\n\n\n\n<p>L&rsquo;organisation de ce r\u00e9seau est actuellement g\u00e9r\u00e9e par un comit\u00e9 de pilotage compos\u00e9 de  Peggy Bekmezian, Marie Leseigneur, B\u00e9atrice Br\u00e9mond. Mais tous les membres en sont acteurs.<\/p>\n\n\n\n<p>Si le projet vous int\u00e9resse et que vous avez des id\u00e9es, envoyez nous un mail, cela enrichira nos \u00e9changes sur le fonctionnement de ce r\u00e9seau.<\/p>\n\n\n\n<p>Pour \u00eatre tenu inform\u00e9 des actualit\u00e9s du r\u00e9seau, vous pouvez:<br>&#8211; venir voir r\u00e9guli\u00e8rement les actualit\u00e9s sur le site<br>&#8211; <meta charset=\"utf-8\">\u00eatre inscrit \u00e0 la newsletter de l\u2019\u00e9cole du Qi<br>&#8211; pour une forme plus dynamique : un groupe WhatsApp \u00ab R\u00e9seau de la lign\u00e9e de l\u2019\u00e9cole du Qi \u00bb permet aux membres du r\u00e9seau d\u2019\u00e9changer et d\u2019\u00eatre tenu au courant des nouvelles du r\u00e9seau.<br>Nous avons cependant \u00e0 l\u2019unanimit\u00e9 d\u00e9cid\u00e9 de r\u00e9guler un peu le fonctionnement de ces groupes mais sans nommer de r\u00e9gulateur. Chaque personne de chaque groupe \u00e9tant au courant de son fonctionnement, elle s\u2019engage \u00e0 le respecter elle-m\u00eame et \u00e0 le faire respecter si besoin.<br><strong>A ce jour, les objectifs de ce groupe sont:<\/strong><br>&#8211; -de pouvoir informer facilement l\u2019ensemble des membres du r\u00e9seau des \u00abrencontres r\u00e9seau d\u00e9centralis\u00e9es\u00bb ou des propositions de retrouvailles qui regroupent plusieurs membres pour pratiquer. <br>&#8211; de pouvoir poser des questions de pratique ou de p\u00e9dagogie aux autres membres<br>&#8211; de\u00a0promouvoir les stages des\u00a0enseignants du r\u00e9seau sous condition :<br>Que les r\u00e9ponses se fassent en priv\u00e9 et pas sur le fil commun. Bien le sp\u00e9cifier dans votre message<br>Que la dite information ne soit envoy\u00e9e que 2 fois donc pensez \u00e0 faire votre communication au moment le plus propice pour vous !<br>Que ces informations concernent uniquement des stages de minimum 2 jours<br>Les stages doivent \u00eatre propos\u00e9s uniquement par des personnes form\u00e9es \u00e0 l\u2019\u00e9cole du Qi.<br>\u2013de\u00a0partager du contenu concernant uniquement le r\u00e9seau de la Lign\u00e9e de l &lsquo;\u00e9cole du Qi. Si vous avez a nous partager une information d&rsquo;un enseignement sp\u00e9cifique que vous avez aim\u00e9\u00a0 ou suivi et qui est en dehors de notre enseignement du r\u00e9seau de l&rsquo;\u00e9cole de la Lign\u00e9e de l&rsquo;\u00e9cole du Qi ,\u00a0 vous pouvez le partager seulement en tant qu&rsquo;exp\u00e9rience et nous raconter ce que vous avez aim\u00e9, compris mais sans partager de vid\u00e9o\u00a0 qui alourdissent\u00a0 le r\u00e9seau.<br><strong>Ces groupes ne sont surtout pas destin\u00e9s:<\/strong><br>&#8211; \u00e0 l\u2019envoi de vid\u00e9os car cela surcharge les t\u00e9l\u00e9phones.<br>&#8211; \u00e0 l\u2019envoi de publicit\u00e9s ou de messages personnels.<br><strong>Si vous souhaitez en faire parti il vous suffit:<\/strong><br>d\u2019envoyer votre num\u00e9ro de t\u00e9l\u00e9phone <br>\u00e0 Marie Leseigneur : <a href=\"mailto:jonathan.loyal@orange.fr\">marie.leseigneur@gmail.com<\/a> <br>ou \u00e0 B\u00e9atrice: <a href=\"mailto:jonathan.loyal@orange.fr\">generationqigong@outlook.fr<\/a><br>Et de charger Whatsapp sur votre t\u00e9l\u00e9phone.<\/p>\n","protected":false},"excerpt":{"rendered":"<p>Pour perp\u00e9tuer&nbsp;la dynamique&nbsp;de l\u2019\u00e9cole du Qi&nbsp;cr\u00e9\u00e9e en 2000 par Dominique Banizette et Zef Bourdet&nbsp;,&nbsp;nous avons mis en place \u00ab le&nbsp;r\u00e9seau de la lign\u00e9e de l\u2019\u00e9cole du Qi \u00bb &nbsp;dont les objectifs sont : Favoriser les liens\u00a0entre pratiquants et\u00a0enseignants de Qi Gong reli\u00e9s \u00e0 l\u2019\u00e9cole du Qi. Favoriser l\u2019\u00e9volution de la qualit\u00e9 de la pratique et &hellip; <a href=\"https:\/\/ecoleduqi-lereseau.org\/index.php\/le-reseau\/\" class=\"more-link\">Continuer la lecture<span class=\"screen-reader-text\"> de &laquo;&nbsp;Le r\u00e9seau&nbsp;&raquo;<\/span><\/a><\/p>\n","protected":false},"author":5,"featured_media":0,"parent":0,"menu_order":0,"comment_status":"closed","ping_status":"closed","template":"","meta":[],"_links":{"self":[{"href":"https:\/\/ecoleduqi-lereseau.org\/index.php\/wp-json\/wp\/v2\/pages\/610"}],"collection":[{"href":"https:\/\/ecoleduqi-lereseau.org\/index.php\/wp-json\/wp\/v2\/pages"}],"about":[{"href":"https:\/\/ecoleduqi-lereseau.org\/index.php\/wp-json\/wp\/v2\/types\/page"}],"author":[{"embeddable":true,"href":"https:\/\/ecoleduqi-lereseau.org\/index.php\/wp-json\/wp\/v2\/users\/5"}],"replies":[{"embeddable":true,"href":"https:\/\/ecoleduqi-lereseau.org\/index.php\/wp-json\/wp\/v2\/comments?post=610"}],"version-history":[{"count":21,"href":"https:\/\/ecoleduqi-lereseau.org\/index.php\/wp-json\/wp\/v2\/pages\/610\/revisions"}],"predecessor-version":[{"id":1234,"href":"https:\/\/ecoleduqi-lereseau.org\/index.php\/wp-json\/wp\/v2\/pages\/610\/revisions\/1234"}],"wp:attachment":[{"href":"https:\/\/ecoleduqi-lereseau.org\/index.php\/wp-json\/wp\/v2\/media?parent=610"}],"curies":[{"name":"wp","href":"https:\/\/api.w.org\/{rel}","templated":true}]}}