{"id":576,"date":"2020-10-13T16:48:37","date_gmt":"2020-10-13T14:48:37","guid":{"rendered":"http:\/\/ecoleduqi-lereseau.org\/?page_id=576"},"modified":"2024-01-31T09:28:51","modified_gmt":"2024-01-31T08:28:51","slug":"rencontre-annuelle-2020","status":"publish","type":"page","link":"https:\/\/ecoleduqi-lereseau.org\/index.php\/rencontre-annuelle-2020\/","title":{"rendered":"Rencontre annuelle 2020"},"content":{"rendered":"\n<figure class=\"wp-block-image size-large\"><img loading=\"lazy\" width=\"1024\" height=\"330\" src=\"http:\/\/ecoleduqi-lereseau.org\/wp-content\/uploads\/2020\/11\/reseau-1-1024x330.jpg\" alt=\"\" class=\"wp-image-619\" srcset=\"https:\/\/ecoleduqi-lereseau.org\/wp-content\/uploads\/2020\/11\/reseau-1-1024x330.jpg 1024w, https:\/\/ecoleduqi-lereseau.org\/wp-content\/uploads\/2020\/11\/reseau-1-300x97.jpg 300w, https:\/\/ecoleduqi-lereseau.org\/wp-content\/uploads\/2020\/11\/reseau-1-768x247.jpg 768w, https:\/\/ecoleduqi-lereseau.org\/wp-content\/uploads\/2020\/11\/reseau-1-1536x495.jpg 1536w, https:\/\/ecoleduqi-lereseau.org\/wp-content\/uploads\/2020\/11\/reseau-1-2048x660.jpg 2048w, https:\/\/ecoleduqi-lereseau.org\/wp-content\/uploads\/2020\/11\/reseau-1-1200x387.jpg 1200w\" sizes=\"(max-width: 709px) 85vw, (max-width: 909px) 67vw, (max-width: 1362px) 62vw, 840px\" \/><\/figure>\n\n\n\n<p><strong>La troisi\u00e8me rencontre r\u00e9seau a eu lieu les 25, 26 et 27 septembre 2020 \u00e0 Joannas.<\/strong> Ce fut encore une fois, un vrai plaisir de se retrouver pour ces trois jours de pratique et de partage entre enseignants ou futurs enseignants.<\/p>\n\n\n\n<p>Le th\u00e8me propos\u00e9 cette ann\u00e9e \u00e9tait&nbsp;: la perm\u00e9abilit\u00e9 entre l\u2019espace int\u00e9rieur et l\u2019espace ext\u00e9rieur. Quatre ateliers et une table ronde sur ce th\u00e8me nous ont permis, \u00e0 la fois de prendre conscience et de comprendre le sens de cette perm\u00e9abilit\u00e9 \u00e9nerg\u00e9tique de la peau mais \u00e9galement de ressentir dans notre corps ce que cela signifie.<\/p>\n\n\n\n<p>Peggy lors d\u2019un premier atelier nous a amen\u00e9 \u00e0 vivre l\u2019ouverture du niveau m\u00e9dian. Ouverture qui favorise la relation \u00e0 l\u2019autre dans le donner et le recevoir. Nous l\u2019avons d\u2019abord exp\u00e9riment\u00e9 et ressenti par des exercices \u00e0 deux en face \u00e0 face, puis Peggy nous a propos\u00e9 de l\u2019exp\u00e9rimenter dans la pratique de quelques mouvements du Tai Ji Qi Gong.<\/p>\n\n\n\n<p>Marie nous a ensuite amen\u00e9, gr\u00e2ce \u00e0 un diaporama, \u00e0 prendre conscience que de l\u2019infiniment petit \u00e0 l\u2019infiniment grand rien n\u2019est s\u00e9par\u00e9, tout est en relation. Puis elle nous a accompagn\u00e9s dans la prise de conscience de cette non-s\u00e9paration, gr\u00e2ce \u00e0 un travail approfondi sur la respiration et \u00e0 quelques mouvements du Wu Dang 2.<\/p>\n\n\n\n<p>Camille, dans un troisi\u00e8me atelier, a propos\u00e9 d\u2019utiliser l\u2019Attention pour prendre conscience de son influence dans notre lien \u00e0 ces deux espaces. Il nous a donc propos\u00e9 de vivre ce que signifie une pratique compl\u00e8tement introvertie, coup\u00e9e du monde environnant. Puis dans un deuxi\u00e8me temps une pratique extravertie compl\u00e8tement coup\u00e9e de soi-m\u00eame. Et enfin pour notre plus grand bonheur il nous a propos\u00e9 de rassembler les deux.<\/p>\n\n\n\n<p>Domie, quand \u00e0 elle, dans un quatri\u00e8me atelier, a propos\u00e9 de se relier avec trois \u00e9l\u00e9ments de la grande nature puis avec l\u2019univers pendant quatre temps d\u2019assise ou de posture. Ceci afin de prendre le temps de laisser s\u2019\u00e9tablir une relation avec les autres vivants dans l\u2019ouverture et l\u2019accueil de leur nature propre. Puis elle nous a propos\u00e9 de vivre ce lien sur quelques mouvements du Xi Sui Jing.<\/p>\n\n\n\n<p>Et le dimanche apr\u00e8s midi, L\u00e9o nous a guid\u00e9 dans une grande pratique (ou pour certain une d\u00e9couverte) du Yang Sheng Ba Shi. Sa proposition \u00e9tait de nous faire vivre ce lien de perm\u00e9abilit\u00e9 entre l\u2019espace int\u00e9rieur et l\u2019espace ext\u00e9rieur gr\u00e2ce en particulier aux trois derniers mouvements de ce Qi Gong et plus sp\u00e9cifiquement encore dans \u00ab&nbsp;Le nuage blanc traverse la cour&nbsp;\u00bb.<\/p>\n\n\n\n<p>Ce fut encore une fois de belles rencontres, riches d\u2019exp\u00e9riences et de nouvelles d\u00e9couvertes en ce qui concerne les temps de pratiques, amicales et chaleureuses en ce qui concerne les temps de dialogue et de partages entre les participants.<\/p>\n\n\n\n<p>Nous avons \u00e9galement pris un temps pour affiner le fonctionnement du r\u00e9seau et nous avons \u00ab&nbsp;vot\u00e9&nbsp;\u00bb quelques points.<\/p>\n\n\n\n<p>     <strong>1<\/strong><br><strong>La date de l\u2019an prochain <\/strong>est fix\u00e9e au premier week-end d\u2019octobre<strong> les 1, 2 et 3 Octobre 2021<\/strong>.<br>Si vous voulez \u00eatre parmi nous, pensez \u00e0 la noter tout de suite dans vos agendas.<br><\/p>\n\n\n\n<p>    <strong> 2<\/strong><br>La cotisation au r\u00e9seau est d\u00e9sormais coupl\u00e9e avec la cotisation \u00e0 l\u2019\u00e9cole du Qi. En cons\u00e9quence, seules les personnes qui ne sont pas inscrites \u00e0 un stage ou \u00e0 une formation dans l\u2019ann\u00e9e en cours ont \u00e0 verser 10\u20ac pour \u00eatre membre du r\u00e9seau.<br><\/p>\n\n\n\n<p>    <strong> 3<\/strong><br>Nous avons \u00e9galement vot\u00e9 la cr\u00e9ation un groupe d\u2019\u00e9change sur Whatsapp car le site du r\u00e9seau ne vous permet pas d\u2019\u00e9changer entre vous et de cr\u00e9er une dynamique horizontale, ce qui est le propre d\u2019un r\u00e9seau.<\/p>\n\n\n\n<p>Nous avons cependant \u00e0 l\u2019unanimit\u00e9 d\u00e9cid\u00e9 de r\u00e9guler un peu le fonctionnement de ce groupe mais sans nommer de r\u00e9gulateur. Chaque personne du groupe \u00e9tant au courant de son fonctionnement, elle s\u2019engage \u00e0 le respecter elle-m\u00eame et \u00e0 le faire respecter si besoin.<\/p>\n\n\n\n<p>A ce jour, les deux seuls objectifs de ce groupe sont<\/p>\n\n\n\n<p><strong>1 &nbsp;<\/strong> De pouvoir informer facilement l\u2019ensemble des membres du r\u00e9seau, des \u00ab&nbsp;rencontres r\u00e9seau d\u00e9centralis\u00e9es&nbsp;\u00bb et des \u00ab&nbsp;retrouvailles&nbsp;\u00bb qui se mettent en place partout en France. Ces temps de pratique collective sont organis\u00e9s par les enseignants r\u00e9f\u00e9rents.<\/p>\n\n\n\n<p><strong>2&nbsp;<\/strong>&nbsp; De pouvoir poser des questions de pratique ou de p\u00e9dagogie \u00e0 ses coll\u00e8gues et de pouvoir ainsi recevoir directement une ou plusieurs r\u00e9ponses \u00e0 ses questionnements.<br><\/p>\n\n\n\n<p>Ce groupe n\u2019est surtout pas destin\u00e9<\/p>\n\n\n\n<p>1&nbsp;&nbsp; A l\u2019envoi de vid\u00e9os car cela surcharge les t\u00e9l\u00e9phones.<\/p>\n\n\n\n<p>2&nbsp;&nbsp; A l\u2019envoi de publicit\u00e9s ou de messages personnels.<br><br><\/p>\n\n\n\n<p>Si vous souhaitez en faire parti il vous suffit:<\/p>\n\n\n\n<p>D\u2019envoyer votre num\u00e9ro de t\u00e9l\u00e9phone \u00e0 Jonathan&nbsp;: <em>jonathan.loyal@orange.fr<\/em><\/p>\n\n\n\n<p>Et de charger Whatsapp sur votre t\u00e9l\u00e9phone.<\/p>\n","protected":false},"excerpt":{"rendered":"<p>La troisi\u00e8me rencontre r\u00e9seau a eu lieu les 25, 26 et 27 septembre 2020 \u00e0 Joannas. Ce fut encore une fois, un vrai plaisir de se retrouver pour ces trois jours de pratique et de partage entre enseignants ou futurs enseignants. Le th\u00e8me propos\u00e9 cette ann\u00e9e \u00e9tait&nbsp;: la perm\u00e9abilit\u00e9 entre l\u2019espace int\u00e9rieur et l\u2019espace ext\u00e9rieur. &hellip; <a href=\"https:\/\/ecoleduqi-lereseau.org\/index.php\/rencontre-annuelle-2020\/\" class=\"more-link\">Continuer la lecture<span class=\"screen-reader-text\"> de &laquo;&nbsp;Rencontre annuelle 2020&nbsp;&raquo;<\/span><\/a><\/p>\n","protected":false},"author":5,"featured_media":0,"parent":0,"menu_order":0,"comment_status":"closed","ping_status":"closed","template":"","meta":[],"_links":{"self":[{"href":"https:\/\/ecoleduqi-lereseau.org\/index.php\/wp-json\/wp\/v2\/pages\/576"}],"collection":[{"href":"https:\/\/ecoleduqi-lereseau.org\/index.php\/wp-json\/wp\/v2\/pages"}],"about":[{"href":"https:\/\/ecoleduqi-lereseau.org\/index.php\/wp-json\/wp\/v2\/types\/page"}],"author":[{"embeddable":true,"href":"https:\/\/ecoleduqi-lereseau.org\/index.php\/wp-json\/wp\/v2\/users\/5"}],"replies":[{"embeddable":true,"href":"https:\/\/ecoleduqi-lereseau.org\/index.php\/wp-json\/wp\/v2\/comments?post=576"}],"version-history":[{"count":6,"href":"https:\/\/ecoleduqi-lereseau.org\/index.php\/wp-json\/wp\/v2\/pages\/576\/revisions"}],"predecessor-version":[{"id":624,"href":"https:\/\/ecoleduqi-lereseau.org\/index.php\/wp-json\/wp\/v2\/pages\/576\/revisions\/624"}],"wp:attachment":[{"href":"https:\/\/ecoleduqi-lereseau.org\/index.php\/wp-json\/wp\/v2\/media?parent=576"}],"curies":[{"name":"wp","href":"https:\/\/api.w.org\/{rel}","templated":true}]}}