{"id":256,"date":"2019-10-17T15:23:16","date_gmt":"2019-10-17T13:23:16","guid":{"rendered":"http:\/\/ecoleduqi-lereseau.org\/?page_id=256"},"modified":"2023-04-06T19:47:11","modified_gmt":"2023-04-06T17:47:11","slug":"les-rencontres-delocalisees","status":"publish","type":"page","link":"https:\/\/ecoleduqi-lereseau.org\/index.php\/les-rencontres-delocalisees\/","title":{"rendered":"Rencontres d\u00e9centralis\u00e9es"},"content":{"rendered":"\n<p>Les rencontres d\u00e9centralis\u00e9es sont organis\u00e9es par des membres du r\u00e9seau sur un territoire et sur une th\u00e9matique, elles regroupent principalement des enseignants voulant approfondir et \u00e9changer sur leur pratique et leur p\u00e9dagogie. Elles sont aussi ouvertes aux pratiquants de Qi Gong enseignants ou non, d\u00e9sirant pratiquer ensemble. <br>Voir les conditions sp\u00e9cifiques en fonctions des organisateurs par r\u00e9gion sur les pages sp\u00e9cifiques. Il se peut qu&rsquo;il soit demand\u00e9 de connaitre la forme de Qi Gong \u00e9tudi\u00e9e lors du weekend\u00a0de\u00a0rencontre\u00a0.<\/p>\n\n\n\n<p><\/p>\n\n\n\n<figure class=\"wp-block-image is-resized\"><img loading=\"lazy\" src=\"http:\/\/ecoleduqi-lereseau.org\/wp-content\/uploads\/2019\/11\/mmexport1573750371262-1024x781.jpg\" alt=\"\" class=\"wp-image-379\" width=\"345\" height=\"262\" srcset=\"https:\/\/ecoleduqi-lereseau.org\/wp-content\/uploads\/2019\/11\/mmexport1573750371262-1024x781.jpg 1024w, https:\/\/ecoleduqi-lereseau.org\/wp-content\/uploads\/2019\/11\/mmexport1573750371262-300x229.jpg 300w, https:\/\/ecoleduqi-lereseau.org\/wp-content\/uploads\/2019\/11\/mmexport1573750371262-768x586.jpg 768w, https:\/\/ecoleduqi-lereseau.org\/wp-content\/uploads\/2019\/11\/mmexport1573750371262.jpg 1080w\" sizes=\"(max-width: 345px) 85vw, 345px\" \/><\/figure>\n","protected":false},"excerpt":{"rendered":"<p>Les rencontres d\u00e9centralis\u00e9es sont organis\u00e9es par des membres du r\u00e9seau sur un territoire et sur une th\u00e9matique, elles regroupent principalement des enseignants voulant approfondir et \u00e9changer sur leur pratique et leur p\u00e9dagogie. Elles sont aussi ouvertes aux pratiquants de Qi Gong enseignants ou non, d\u00e9sirant pratiquer ensemble. Voir les conditions sp\u00e9cifiques en fonctions des organisateurs &hellip; <a href=\"https:\/\/ecoleduqi-lereseau.org\/index.php\/les-rencontres-delocalisees\/\" class=\"more-link\">Continuer la lecture<span class=\"screen-reader-text\"> de &laquo;&nbsp;Rencontres d\u00e9centralis\u00e9es&nbsp;&raquo;<\/span><\/a><\/p>\n","protected":false},"author":2,"featured_media":0,"parent":0,"menu_order":0,"comment_status":"closed","ping_status":"closed","template":"","meta":[],"_links":{"self":[{"href":"https:\/\/ecoleduqi-lereseau.org\/index.php\/wp-json\/wp\/v2\/pages\/256"}],"collection":[{"href":"https:\/\/ecoleduqi-lereseau.org\/index.php\/wp-json\/wp\/v2\/pages"}],"about":[{"href":"https:\/\/ecoleduqi-lereseau.org\/index.php\/wp-json\/wp\/v2\/types\/page"}],"author":[{"embeddable":true,"href":"https:\/\/ecoleduqi-lereseau.org\/index.php\/wp-json\/wp\/v2\/users\/2"}],"replies":[{"embeddable":true,"href":"https:\/\/ecoleduqi-lereseau.org\/index.php\/wp-json\/wp\/v2\/comments?post=256"}],"version-history":[{"count":30,"href":"https:\/\/ecoleduqi-lereseau.org\/index.php\/wp-json\/wp\/v2\/pages\/256\/revisions"}],"predecessor-version":[{"id":856,"href":"https:\/\/ecoleduqi-lereseau.org\/index.php\/wp-json\/wp\/v2\/pages\/256\/revisions\/856"}],"wp:attachment":[{"href":"https:\/\/ecoleduqi-lereseau.org\/index.php\/wp-json\/wp\/v2\/media?parent=256"}],"curies":[{"name":"wp","href":"https:\/\/api.w.org\/{rel}","templated":true}]}}