{"id":13,"date":"2019-03-17T00:27:36","date_gmt":"2019-03-16T23:27:36","guid":{"rendered":"http:\/\/ecoleduqi-lereseau.org\/?page_id=13"},"modified":"2024-01-31T09:28:51","modified_gmt":"2024-01-31T08:28:51","slug":"premiere-rencontre-annuelle-septembre-2018","status":"publish","type":"page","link":"https:\/\/ecoleduqi-lereseau.org\/index.php\/premiere-rencontre-annuelle-septembre-2018\/","title":{"rendered":"Rencontre annuelle  2018"},"content":{"rendered":"\n<figure class=\"wp-block-image\"><img loading=\"lazy\" width=\"300\" height=\"277\" src=\"http:\/\/ecoleduqi-lereseau.org\/wp-content\/uploads\/2019\/03\/133600arbrebulles-300x277.png\" alt=\"\" class=\"wp-image-180\"\/><\/figure>\n\n\n\n<p><strong>Une premi\u00e8re rencontre a \u00e9t\u00e9 organis\u00e9e les 28, 29 et 30 septembre 2018.<\/strong><br><\/p>\n\n\n\n<p>Le th\u00e8me retenu \u00e9tait&nbsp;: \u00ab&nbsp;Fonction et utilisation des spirales dans la pratique&nbsp;\u00bb<br>Avec des interventions de Dominique Banizette, Bruno Blas, Peggy Vernay et Marie-Anne Andr\u00e9 dans quatre ateliers<\/p>\n\n\n\n<p>Nous avons \u00e9galement consacr\u00e9 du temps \u00e0 \u00e9changer librement, et \u00e0 r\u00e9fl\u00e9chir ensemble sur ce que peux \u00eatre ce r\u00e9seau, comment le structurer et en faire un lien vivant.<br><br><\/p>\n\n\n\n<p>Quelques photos de cette premi\u00e8re rencontre:<\/p>\n\n\n\n<figure class=\"wp-block-gallery columns-3 is-cropped\"><ul class=\"blocks-gallery-grid\"><li class=\"blocks-gallery-item\"><figure><a href=\"http:\/\/ecoleduqi-lereseau.org\/wp-content\/uploads\/2019\/07\/IMG_0234-1024x682.jpg\"><img loading=\"lazy\" width=\"1024\" height=\"682\" src=\"http:\/\/ecoleduqi-lereseau.org\/wp-content\/uploads\/2019\/07\/IMG_0234-1024x682.jpg\" alt=\"\" data-id=\"238\" data-link=\"http:\/\/ecoleduqi-lereseau.org\/img_0234\/\" class=\"wp-image-238\" srcset=\"https:\/\/ecoleduqi-lereseau.org\/wp-content\/uploads\/2019\/07\/IMG_0234-1024x682.jpg 1024w, https:\/\/ecoleduqi-lereseau.org\/wp-content\/uploads\/2019\/07\/IMG_0234-300x200.jpg 300w, https:\/\/ecoleduqi-lereseau.org\/wp-content\/uploads\/2019\/07\/IMG_0234-768x512.jpg 768w, https:\/\/ecoleduqi-lereseau.org\/wp-content\/uploads\/2019\/07\/IMG_0234-1200x800.jpg 1200w\" sizes=\"(max-width: 709px) 85vw, (max-width: 909px) 67vw, (max-width: 1362px) 62vw, 840px\" \/><\/a><\/figure><\/li><li class=\"blocks-gallery-item\"><figure><a href=\"http:\/\/ecoleduqi-lereseau.org\/wp-content\/uploads\/2019\/07\/IMG_0231-1024x661.jpg\"><img loading=\"lazy\" width=\"1024\" height=\"661\" src=\"http:\/\/ecoleduqi-lereseau.org\/wp-content\/uploads\/2019\/07\/IMG_0231-1024x661.jpg\" alt=\"\" data-id=\"236\" data-link=\"http:\/\/ecoleduqi-lereseau.org\/img_0231\/\" class=\"wp-image-236\" srcset=\"https:\/\/ecoleduqi-lereseau.org\/wp-content\/uploads\/2019\/07\/IMG_0231-1024x661.jpg 1024w, https:\/\/ecoleduqi-lereseau.org\/wp-content\/uploads\/2019\/07\/IMG_0231-300x194.jpg 300w, https:\/\/ecoleduqi-lereseau.org\/wp-content\/uploads\/2019\/07\/IMG_0231-768x496.jpg 768w, https:\/\/ecoleduqi-lereseau.org\/wp-content\/uploads\/2019\/07\/IMG_0231-1200x774.jpg 1200w\" sizes=\"(max-width: 709px) 85vw, (max-width: 909px) 67vw, (max-width: 1362px) 62vw, 840px\" \/><\/a><\/figure><\/li><li class=\"blocks-gallery-item\"><figure><a href=\"http:\/\/ecoleduqi-lereseau.org\/wp-content\/uploads\/2019\/07\/IMG_0233-1024x682.jpg\"><img loading=\"lazy\" width=\"1024\" height=\"682\" src=\"http:\/\/ecoleduqi-lereseau.org\/wp-content\/uploads\/2019\/07\/IMG_0233-1024x682.jpg\" alt=\"\" data-id=\"237\" data-link=\"http:\/\/ecoleduqi-lereseau.org\/img_0233\/\" class=\"wp-image-237\" srcset=\"https:\/\/ecoleduqi-lereseau.org\/wp-content\/uploads\/2019\/07\/IMG_0233-1024x682.jpg 1024w, https:\/\/ecoleduqi-lereseau.org\/wp-content\/uploads\/2019\/07\/IMG_0233-300x200.jpg 300w, https:\/\/ecoleduqi-lereseau.org\/wp-content\/uploads\/2019\/07\/IMG_0233-768x512.jpg 768w, https:\/\/ecoleduqi-lereseau.org\/wp-content\/uploads\/2019\/07\/IMG_0233-1200x800.jpg 1200w\" sizes=\"(max-width: 709px) 85vw, (max-width: 909px) 67vw, (max-width: 1362px) 62vw, 840px\" \/><\/a><\/figure><\/li><li class=\"blocks-gallery-item\"><figure><a href=\"http:\/\/ecoleduqi-lereseau.org\/wp-content\/uploads\/2019\/07\/IMG_0242-1024x682.jpg\"><img loading=\"lazy\" width=\"1024\" height=\"682\" src=\"http:\/\/ecoleduqi-lereseau.org\/wp-content\/uploads\/2019\/07\/IMG_0242-1024x682.jpg\" alt=\"\" data-id=\"243\" data-link=\"http:\/\/ecoleduqi-lereseau.org\/img_0242\/\" class=\"wp-image-243\" srcset=\"https:\/\/ecoleduqi-lereseau.org\/wp-content\/uploads\/2019\/07\/IMG_0242-1024x682.jpg 1024w, https:\/\/ecoleduqi-lereseau.org\/wp-content\/uploads\/2019\/07\/IMG_0242-300x200.jpg 300w, https:\/\/ecoleduqi-lereseau.org\/wp-content\/uploads\/2019\/07\/IMG_0242-768x512.jpg 768w, https:\/\/ecoleduqi-lereseau.org\/wp-content\/uploads\/2019\/07\/IMG_0242-1200x800.jpg 1200w\" sizes=\"(max-width: 709px) 85vw, (max-width: 909px) 67vw, (max-width: 1362px) 62vw, 840px\" \/><\/a><\/figure><\/li><li class=\"blocks-gallery-item\"><figure><a href=\"http:\/\/ecoleduqi-lereseau.org\/wp-content\/uploads\/2019\/07\/IMG_0240-1024x682.jpg\"><img loading=\"lazy\" width=\"1024\" height=\"682\" src=\"http:\/\/ecoleduqi-lereseau.org\/wp-content\/uploads\/2019\/07\/IMG_0240-1024x682.jpg\" alt=\"\" data-id=\"241\" data-link=\"http:\/\/ecoleduqi-lereseau.org\/img_0240\/\" class=\"wp-image-241\" srcset=\"https:\/\/ecoleduqi-lereseau.org\/wp-content\/uploads\/2019\/07\/IMG_0240-1024x682.jpg 1024w, https:\/\/ecoleduqi-lereseau.org\/wp-content\/uploads\/2019\/07\/IMG_0240-300x200.jpg 300w, https:\/\/ecoleduqi-lereseau.org\/wp-content\/uploads\/2019\/07\/IMG_0240-768x512.jpg 768w, https:\/\/ecoleduqi-lereseau.org\/wp-content\/uploads\/2019\/07\/IMG_0240-1200x800.jpg 1200w\" sizes=\"(max-width: 709px) 85vw, (max-width: 909px) 67vw, (max-width: 1362px) 62vw, 840px\" \/><\/a><\/figure><\/li><li class=\"blocks-gallery-item\"><figure><a href=\"http:\/\/ecoleduqi-lereseau.org\/wp-content\/uploads\/2019\/07\/IMG_0239-1024x682.jpg\"><img loading=\"lazy\" width=\"1024\" height=\"682\" src=\"http:\/\/ecoleduqi-lereseau.org\/wp-content\/uploads\/2019\/07\/IMG_0239-1024x682.jpg\" alt=\"\" data-id=\"240\" data-link=\"http:\/\/ecoleduqi-lereseau.org\/img_0239\/\" class=\"wp-image-240\" srcset=\"https:\/\/ecoleduqi-lereseau.org\/wp-content\/uploads\/2019\/07\/IMG_0239-1024x682.jpg 1024w, https:\/\/ecoleduqi-lereseau.org\/wp-content\/uploads\/2019\/07\/IMG_0239-300x200.jpg 300w, https:\/\/ecoleduqi-lereseau.org\/wp-content\/uploads\/2019\/07\/IMG_0239-768x512.jpg 768w, https:\/\/ecoleduqi-lereseau.org\/wp-content\/uploads\/2019\/07\/IMG_0239-1200x800.jpg 1200w\" sizes=\"(max-width: 709px) 85vw, (max-width: 909px) 67vw, (max-width: 1362px) 62vw, 840px\" \/><\/a><\/figure><\/li><li class=\"blocks-gallery-item\"><figure><a href=\"http:\/\/ecoleduqi-lereseau.org\/wp-content\/uploads\/2019\/07\/IMG_0226-a-1024x809.jpg\"><img loading=\"lazy\" width=\"1024\" height=\"809\" src=\"http:\/\/ecoleduqi-lereseau.org\/wp-content\/uploads\/2019\/07\/IMG_0226-a-1024x809.jpg\" alt=\"\" data-id=\"233\" data-link=\"http:\/\/ecoleduqi-lereseau.org\/img_0226-a\/\" class=\"wp-image-233\" srcset=\"https:\/\/ecoleduqi-lereseau.org\/wp-content\/uploads\/2019\/07\/IMG_0226-a-1024x809.jpg 1024w, https:\/\/ecoleduqi-lereseau.org\/wp-content\/uploads\/2019\/07\/IMG_0226-a-300x237.jpg 300w, https:\/\/ecoleduqi-lereseau.org\/wp-content\/uploads\/2019\/07\/IMG_0226-a-768x607.jpg 768w, https:\/\/ecoleduqi-lereseau.org\/wp-content\/uploads\/2019\/07\/IMG_0226-a-1200x948.jpg 1200w\" sizes=\"(max-width: 709px) 85vw, (max-width: 909px) 67vw, (max-width: 1362px) 62vw, 840px\" \/><\/a><\/figure><\/li><li class=\"blocks-gallery-item\"><figure><a href=\"http:\/\/ecoleduqi-lereseau.org\/wp-content\/uploads\/2019\/07\/IMG_0225-1024x682.jpg\"><img loading=\"lazy\" width=\"1024\" height=\"682\" src=\"http:\/\/ecoleduqi-lereseau.org\/wp-content\/uploads\/2019\/07\/IMG_0225-1024x682.jpg\" alt=\"\" data-id=\"232\" data-link=\"http:\/\/ecoleduqi-lereseau.org\/img_0225\/\" class=\"wp-image-232\" srcset=\"https:\/\/ecoleduqi-lereseau.org\/wp-content\/uploads\/2019\/07\/IMG_0225-1024x682.jpg 1024w, https:\/\/ecoleduqi-lereseau.org\/wp-content\/uploads\/2019\/07\/IMG_0225-300x200.jpg 300w, https:\/\/ecoleduqi-lereseau.org\/wp-content\/uploads\/2019\/07\/IMG_0225-768x512.jpg 768w, https:\/\/ecoleduqi-lereseau.org\/wp-content\/uploads\/2019\/07\/IMG_0225-1200x800.jpg 1200w\" sizes=\"(max-width: 709px) 85vw, (max-width: 909px) 67vw, (max-width: 1362px) 62vw, 840px\" \/><\/a><\/figure><\/li><\/ul><\/figure>\n\n\n\n<figure class=\"wp-block-gallery columns-2 is-cropped\"><ul class=\"blocks-gallery-grid\"><li class=\"blocks-gallery-item\"><figure><img loading=\"lazy\" width=\"960\" height=\"720\" src=\"http:\/\/ecoleduqi-lereseau.org\/wp-content\/uploads\/2019\/03\/Slide3-1.jpg\" alt=\"\" data-id=\"101\" data-link=\"http:\/\/ecoleduqi-lereseau.org\/slide3-2\/\" class=\"wp-image-101\" srcset=\"https:\/\/ecoleduqi-lereseau.org\/wp-content\/uploads\/2019\/03\/Slide3-1.jpg 960w, https:\/\/ecoleduqi-lereseau.org\/wp-content\/uploads\/2019\/03\/Slide3-1-300x225.jpg 300w, https:\/\/ecoleduqi-lereseau.org\/wp-content\/uploads\/2019\/03\/Slide3-1-768x576.jpg 768w\" sizes=\"(max-width: 709px) 85vw, (max-width: 909px) 67vw, (max-width: 1362px) 62vw, 840px\" \/><\/figure><\/li><li class=\"blocks-gallery-item\"><figure><img loading=\"lazy\" width=\"960\" height=\"720\" src=\"http:\/\/ecoleduqi-lereseau.org\/wp-content\/uploads\/2019\/03\/Slide4-1.jpg\" alt=\"\" data-id=\"102\" data-link=\"http:\/\/ecoleduqi-lereseau.org\/slide4-2\/\" class=\"wp-image-102\" srcset=\"https:\/\/ecoleduqi-lereseau.org\/wp-content\/uploads\/2019\/03\/Slide4-1.jpg 960w, https:\/\/ecoleduqi-lereseau.org\/wp-content\/uploads\/2019\/03\/Slide4-1-300x225.jpg 300w, https:\/\/ecoleduqi-lereseau.org\/wp-content\/uploads\/2019\/03\/Slide4-1-768x576.jpg 768w\" sizes=\"(max-width: 709px) 85vw, (max-width: 909px) 67vw, (max-width: 1362px) 62vw, 840px\" \/><\/figure><\/li><\/ul><\/figure>\n","protected":false},"excerpt":{"rendered":"<p>Une premi\u00e8re rencontre a \u00e9t\u00e9 organis\u00e9e les 28, 29 et 30 septembre 2018. Le th\u00e8me retenu \u00e9tait&nbsp;: \u00ab&nbsp;Fonction et utilisation des spirales dans la pratique&nbsp;\u00bbAvec des interventions de Dominique Banizette, Bruno Blas, Peggy Vernay et Marie-Anne Andr\u00e9 dans quatre ateliers Nous avons \u00e9galement consacr\u00e9 du temps \u00e0 \u00e9changer librement, et \u00e0 r\u00e9fl\u00e9chir ensemble sur ce &hellip; <a href=\"https:\/\/ecoleduqi-lereseau.org\/index.php\/premiere-rencontre-annuelle-septembre-2018\/\" class=\"more-link\">Continuer la lecture<span class=\"screen-reader-text\"> de &laquo;&nbsp;Rencontre annuelle  2018&nbsp;&raquo;<\/span><\/a><\/p>\n","protected":false},"author":5,"featured_media":0,"parent":0,"menu_order":0,"comment_status":"closed","ping_status":"closed","template":"","meta":[],"_links":{"self":[{"href":"https:\/\/ecoleduqi-lereseau.org\/index.php\/wp-json\/wp\/v2\/pages\/13"}],"collection":[{"href":"https:\/\/ecoleduqi-lereseau.org\/index.php\/wp-json\/wp\/v2\/pages"}],"about":[{"href":"https:\/\/ecoleduqi-lereseau.org\/index.php\/wp-json\/wp\/v2\/types\/page"}],"author":[{"embeddable":true,"href":"https:\/\/ecoleduqi-lereseau.org\/index.php\/wp-json\/wp\/v2\/users\/5"}],"replies":[{"embeddable":true,"href":"https:\/\/ecoleduqi-lereseau.org\/index.php\/wp-json\/wp\/v2\/comments?post=13"}],"version-history":[{"count":33,"href":"https:\/\/ecoleduqi-lereseau.org\/index.php\/wp-json\/wp\/v2\/pages\/13\/revisions"}],"predecessor-version":[{"id":583,"href":"https:\/\/ecoleduqi-lereseau.org\/index.php\/wp-json\/wp\/v2\/pages\/13\/revisions\/583"}],"wp:attachment":[{"href":"https:\/\/ecoleduqi-lereseau.org\/index.php\/wp-json\/wp\/v2\/media?parent=13"}],"curies":[{"name":"wp","href":"https:\/\/api.w.org\/{rel}","templated":true}]}}