{"id":1090,"date":"2025-10-20T16:14:49","date_gmt":"2025-10-20T14:14:49","guid":{"rendered":"https:\/\/ecoleduqi-lereseau.org\/?page_id=1090"},"modified":"2025-10-23T14:52:16","modified_gmt":"2025-10-23T12:52:16","slug":"rencontre-annuelle-2025","status":"publish","type":"page","link":"https:\/\/ecoleduqi-lereseau.org\/index.php\/rencontre-annuelle-2025\/","title":{"rendered":"Rencontre annuelle 2025"},"content":{"rendered":"\n<p class=\"has-text-align-center has-medium-font-size\"><strong>Compte Rendu de la rencontre R\u00e9seau<\/strong><br><strong>Octobre 2025<\/strong><\/p>\n\n\n\n<div class=\"wp-block-image\"><figure class=\"aligncenter size-large is-resized\"><img loading=\"lazy\" src=\"https:\/\/ecoleduqi-lereseau.org\/wp-content\/uploads\/2025\/10\/Photo-tous-dans-grand-dojo-1024x768.jpeg\" alt=\"\" class=\"wp-image-1127\" width=\"668\" height=\"529\"\/><\/figure><\/div>\n\n\n\n<p><strong>Vendredi<\/strong><\/p>\n\n\n\n<p>Nous avons commenc\u00e9 par lister les ateliers propos\u00e9s pr\u00eats ou en pr\u00e9paration<br>Nous nous sommes mis en route avec divers exercices de d\u00e9tente du diaphragme:nous avons commenc\u00e9 par bailler beaucoup et rigol\u00e9 de bailler tant puis fait les exercices suivants :<\/p>\n\n\n\n<ol><li>Le cerf aboie<\/li><li>D\u00e9tente du diaphragme en 4 temps<\/li><li>Adaptation de l\u2019accord\u00e9on<\/li><li>mobilisations des basses c\u00f4tes<\/li><li>le porte manteau<\/li><li>Tout remplir et tout vider<\/li><li>par le nez en bloquant l\u2019inspir , puis l\u2019expir<\/li><li>Basculer la cage thoracique et inspirer dans les parties ouvertes<\/li><\/ol>\n\n\n\n<p><strong>B\u00e9atrice<\/strong>, nous a propos\u00e9 son atelier: Accueillir le Lotus rose, une s\u00e9rie transmise par Nicole Lenzini , \u00e0 l\u2019origine de l\u2019IEQG en 1989 et Yves R\u00e9qu\u00e9na.<br>Nous avons capt\u00e9 la terre et le ciel en mouvement et en postures immobiles , puis ces 2 \u00e9nergies sont venues nourrir nos reins et nous avons poursuivi par des mouvements lat\u00e9raux , altern\u00e9s gauche et droite pour capter la grande nature en nourrissant alternativement le rein gauche et le rein droit. Ensuite , nous sommes rentr\u00e9s dans une posture pour capter la Grande Nature , suivi d\u2019un mouvement ouvrant l\u2019espace du c\u0153ur . Puis en visualisant un Lotus rose , nous avons rendu le lotus vivant entre nos mains et dans notre c\u0153ur au rythme du souffle<br>Puis l\u2019\u00e9nergie de la fleur est r\u00e9pandu dans le Dantian m\u00e9dian et dans le foyer m\u00e9dian avec un massage dans les zones correspondantes . Ensuite les mains descendent au Dantian inf\u00e9rieur et on cr\u00e9e l\u2019eau c\u00e9leste qui descend dans le bassin . On visualise le Lotus rose dans le c\u0153ur qui prend ses racines dans l\u2019eau c\u00e9leste . A la fermeture, le regard s\u2019ouvre sur le Lotus rose devant soi , les pouces dans les poings ferm\u00e9s .<\/p>\n\n\n\n<p>En soir\u00e9e a 20h30 le Concert de Jazz propos\u00e9 par la quatuor TemaJazz compos\u00e9 d\u2019un pianiste\/voix ( Vincent Paci) , d\u2019un bassiste ( Serge Champetier ) , d\u2019un saxophoniste ( Michel Mahistre) et d\u2019un batteur ( Guillaume Polv\u00e9 )<\/p>\n\n\n\n<figure class=\"wp-block-image is-resized\"><img loading=\"lazy\" src=\"https:\/\/meh06.synology.me:5001\/oo\/file\/1028_693MRBSUKD5S7AQFFR1MACENRK.doc\/3LMO9NMF2T5V3803PE5C2UNNOC\/img?tid=%22vY4Hq0-yOiI6Hxys2d8CBgjKkC7s5Vjes2t-4IbBpTwqrdz_1fLPu8S5yhf_uuBKe_EzMW6mTx1iCJWF%22\" alt=\"\" width=\"668\" height=\"320\"\/><\/figure>\n\n\n\n<p><\/p>\n\n\n\n<p><strong><u>Samedi<\/u><\/strong><br>Mise en place ensemble du programme du week-end<br><\/p>\n\n\n\n<p class=\"has-text-align-center\"><img src=\"https:\/\/meh06.synology.me:5001\/oo\/file\/1028_693MRBSUKD5S7AQFFR1MACENRK.doc\/231GDF9S693LP6MM66JKNS25HS\/img?tid=%22vY4Hq0-yOiI6Hxys2d8CBgjKkC7s5Vjes2t-4IbBpTwqrdz_1fLPu8S5yhf_uuBKe_EzMW6mTx1iCJWF%22\" style=\"width: 400px;\"><br><\/p>\n\n\n\n<p><strong>Nicolas<\/strong> nous a guid\u00e9 dans \u00ab La conscience de l\u2019Univers et l\u2019ouverture du C\u0153ur \u00bben citant un petit po\u00e8me qu&rsquo;il a \u00e9crit :<br>Nous sommes des enfants de l \u2018Univers,<br>cr\u00e9\u00e9s a son image de poussi\u00e8re d&rsquo;\u00e9toiles et de lumi\u00e8re.<br>C\u2019est dans le silence de la paix du c\u0153ur,<br>Que nous nous ouvrons \u00e0 sa profondeur<\/p>\n\n\n\n<p>Dans le positionnement de l\u2019esprit : pratiquer dans la conscience de l\u2019univers et l\u2019ouverture du c\u0153ur, nous avons commenc\u00e9 par marcher lentement avec un guidage progressif \u00e0 poser notre attention sur la plante des pieds , les orteils , l\u2019empreinte dans le sol , le d\u00e9roul\u00e9 de la cheville et le transfert du poids , le centre , le lien pieds-centre , l\u2019enracinement \u00e0 la terre , jusqu\u2019au lien talon arri\u00e8re Baihui et l\u2019enracinement au ciel , jusqu\u2019\u00e0 l\u2019ouverture au plan horizontal .<\/p>\n\n\n\n<p>Nous avons pratiqu\u00e9 les souffles d\u2019\u00e9limination des toxines et les souffles th\u00e9rapeutiques pour les organes Foie et C\u0153ur<\/p>\n\n\n\n<p>Dans la mise en place de la pratique du G\u00e9ant Pangu , nous avons pratiqu\u00e9 5 mouvements :<br>-l\u2019ouverture de la porte de Tan Zhong<br>-la Roue \u00e0 eau apaise le c\u0153ur<br>-Dragon volant et Ph\u00e9nix dansant<br>-Visiter les 6 directions<br>-Shou Gong du Yang Sheng Ba Shi<\/p>\n\n\n\n<p>Il nous a rappel\u00e9 d\u2019observer si PanGu \u00e9tait toujours pr\u00e9sent<br>Puis nous avons termin\u00e9 par une assise ou l\u2019on a inspir\u00e9 l\u2019\u00e9nergie de l\u2019Univers par la bouche , la t\u00eate bascul\u00e9e en arri\u00e8re .<br>Cette \u00e9nergie vient \u00e9clairer le niveau m\u00e9dian d\u2019une douce lumi\u00e8re dor\u00e9e , une fine vibration est g\u00e9n\u00e9r\u00e9e.<br>Puis on a fait grandir l\u2019espace vaste , serein et lumineux du Dantian M\u00e9dian aussi vaste que possible et une question nous est propos\u00e9 : \u00eates vous dans l\u2019Univers ? ou l\u2019Univers est il en vous? trouver un \u00e9quilibre entre les 2. Puis nous sommes revenus \u00e0 la pr\u00e9sence de la salle par nos 5 sens<\/p>\n\n\n\n<figure class=\"wp-block-gallery aligncenter columns-2 is-cropped\"><ul class=\"blocks-gallery-grid\"><li class=\"blocks-gallery-item\"><figure><img loading=\"lazy\" width=\"1024\" height=\"768\" src=\"https:\/\/ecoleduqi-lereseau.org\/wp-content\/uploads\/2025\/10\/atelier-Nico-mains-a-Mingmen-1024x768.jpg\" alt=\"\" data-id=\"1130\" data-full-url=\"https:\/\/ecoleduqi-lereseau.org\/wp-content\/uploads\/2025\/10\/atelier-Nico-mains-a-Mingmen.jpg\" data-link=\"https:\/\/ecoleduqi-lereseau.org\/index.php\/rencontre-annuelle-2025\/atelier-nico-mains-a-mingmen\/\" class=\"wp-image-1130\" srcset=\"https:\/\/ecoleduqi-lereseau.org\/wp-content\/uploads\/2025\/10\/atelier-Nico-mains-a-Mingmen-1024x768.jpg 1024w, https:\/\/ecoleduqi-lereseau.org\/wp-content\/uploads\/2025\/10\/atelier-Nico-mains-a-Mingmen-300x225.jpg 300w, https:\/\/ecoleduqi-lereseau.org\/wp-content\/uploads\/2025\/10\/atelier-Nico-mains-a-Mingmen-768x576.jpg 768w, https:\/\/ecoleduqi-lereseau.org\/wp-content\/uploads\/2025\/10\/atelier-Nico-mains-a-Mingmen-1536x1152.jpg 1536w, https:\/\/ecoleduqi-lereseau.org\/wp-content\/uploads\/2025\/10\/atelier-Nico-mains-a-Mingmen-1200x900.jpg 1200w, https:\/\/ecoleduqi-lereseau.org\/wp-content\/uploads\/2025\/10\/atelier-Nico-mains-a-Mingmen.jpg 1600w\" sizes=\"(max-width: 709px) 85vw, (max-width: 909px) 67vw, (max-width: 1362px) 62vw, 840px\" \/><\/figure><\/li><li class=\"blocks-gallery-item\"><figure><img loading=\"lazy\" width=\"1024\" height=\"768\" src=\"https:\/\/ecoleduqi-lereseau.org\/wp-content\/uploads\/2025\/10\/Atelier-Nico-gargouille-1024x768.jpg\" alt=\"\" data-id=\"1129\" class=\"wp-image-1129\" srcset=\"https:\/\/ecoleduqi-lereseau.org\/wp-content\/uploads\/2025\/10\/Atelier-Nico-gargouille-1024x768.jpg 1024w, https:\/\/ecoleduqi-lereseau.org\/wp-content\/uploads\/2025\/10\/Atelier-Nico-gargouille-300x225.jpg 300w, https:\/\/ecoleduqi-lereseau.org\/wp-content\/uploads\/2025\/10\/Atelier-Nico-gargouille-768x576.jpg 768w, https:\/\/ecoleduqi-lereseau.org\/wp-content\/uploads\/2025\/10\/Atelier-Nico-gargouille-1536x1152.jpg 1536w, https:\/\/ecoleduqi-lereseau.org\/wp-content\/uploads\/2025\/10\/Atelier-Nico-gargouille-1200x900.jpg 1200w, https:\/\/ecoleduqi-lereseau.org\/wp-content\/uploads\/2025\/10\/Atelier-Nico-gargouille.jpg 1600w\" sizes=\"(max-width: 709px) 85vw, (max-width: 909px) 67vw, (max-width: 1362px) 62vw, 840px\" \/><\/figure><\/li><\/ul><\/figure>\n\n\n\n<figure class=\"wp-block-image is-resized\"><img loading=\"lazy\" src=\"https:\/\/meh06.synology.me:5001\/oo\/file\/1028_693MRBSUKD5S7AQFFR1MACENRK.doc\/7UCJV5CLGT6MNFRB0FOB0D4FOS\/img?tid=%22vY4Hq0-yOiI6Hxys2d8CBgjKkC7s5Vjes2t-4IbBpTwqrdz_1fLPu8S5yhf_uuBKe_EzMW6mTx1iCJWF%22\" alt=\"\" width=\"668\" height=\"500\"\/><\/figure>\n\n\n\n<p class=\"has-text-align-center\"><strong>Sur cette belle ouverture du c\u0153ur, nous avons dit \u00ab Au revoir \u00bb au petit dojo<\/strong> <br>o\u00f9 des travaux devraient commencer \u00e0 partir de novembre.<br><\/p>\n\n\n\n<div class=\"wp-block-image\"><figure class=\"alignleft size-large is-resized\"><img loading=\"lazy\" src=\"https:\/\/ecoleduqi-lereseau.org\/wp-content\/uploads\/2025\/10\/Fene\u0302tre-du-petit-dojo-edited.jpg\" alt=\"\" class=\"wp-image-1099\" width=\"292\" height=\"520\" srcset=\"https:\/\/ecoleduqi-lereseau.org\/wp-content\/uploads\/2025\/10\/Fene\u0302tre-du-petit-dojo-edited.jpg 739w, https:\/\/ecoleduqi-lereseau.org\/wp-content\/uploads\/2025\/10\/Fene\u0302tre-du-petit-dojo-edited-169x300.jpg 169w, https:\/\/ecoleduqi-lereseau.org\/wp-content\/uploads\/2025\/10\/Fene\u0302tre-du-petit-dojo-edited-576x1024.jpg 576w\" sizes=\"(max-width: 292px) 85vw, 292px\" \/><\/figure><\/div>\n\n\n\n<div class=\"wp-block-image\"><figure class=\"aligncenter size-large is-resized\"><img loading=\"lazy\" src=\"https:\/\/ecoleduqi-lereseau.org\/wp-content\/uploads\/2025\/10\/Bol-tibetain-devant-fenetre-petit-dojo-edited-1.jpg\" alt=\"\" class=\"wp-image-1137\" width=\"295\" height=\"524\" srcset=\"https:\/\/ecoleduqi-lereseau.org\/wp-content\/uploads\/2025\/10\/Bol-tibetain-devant-fenetre-petit-dojo-edited-1.jpg 739w, https:\/\/ecoleduqi-lereseau.org\/wp-content\/uploads\/2025\/10\/Bol-tibetain-devant-fenetre-petit-dojo-edited-1-169x300.jpg 169w, https:\/\/ecoleduqi-lereseau.org\/wp-content\/uploads\/2025\/10\/Bol-tibetain-devant-fenetre-petit-dojo-edited-1-575x1024.jpg 575w\" sizes=\"(max-width: 295px) 85vw, 295px\" \/><\/figure><\/div>\n\n\n\n<p class=\"has-text-align-center\"><img src=\"https:\/\/meh06.synology.me:5001\/oo\/file\/1028_693MRBSUKD5S7AQFFR1MACENRK.doc\/DSAQAG00ML1LL4CHAHEMTFQRAK\/img?tid=%22uFSurPHrvGW7m8mbYQR7LBzWJSQedLxQCc1gYyALMZtQkIEQT1Aq6vRUiazNL1CtE2Bt3j6LZ5eHUP3v%22\" style=\"width: 700px;\"><\/p>\n\n\n\n<p>Pause repas au soleil<\/p>\n\n\n\n<figure class=\"wp-block-image size-large is-resized\"><img src=\"https:\/\/ecoleduqi-lereseau.org\/wp-content\/uploads\/2025\/10\/Photo-ensemble-ou-presque-dehors-1024x473.jpeg\" alt=\"\" class=\"wp-image-1131\" width=\"668\" srcset=\"https:\/\/ecoleduqi-lereseau.org\/wp-content\/uploads\/2025\/10\/Photo-ensemble-ou-presque-dehors-1024x473.jpeg 1024w, https:\/\/ecoleduqi-lereseau.org\/wp-content\/uploads\/2025\/10\/Photo-ensemble-ou-presque-dehors-300x139.jpeg 300w, https:\/\/ecoleduqi-lereseau.org\/wp-content\/uploads\/2025\/10\/Photo-ensemble-ou-presque-dehors-768x355.jpeg 768w, https:\/\/ecoleduqi-lereseau.org\/wp-content\/uploads\/2025\/10\/Photo-ensemble-ou-presque-dehors-1536x709.jpeg 1536w, https:\/\/ecoleduqi-lereseau.org\/wp-content\/uploads\/2025\/10\/Photo-ensemble-ou-presque-dehors-1200x554.jpeg 1200w, https:\/\/ecoleduqi-lereseau.org\/wp-content\/uploads\/2025\/10\/Photo-ensemble-ou-presque-dehors.jpeg 1600w\" sizes=\"(max-width: 709px) 85vw, (max-width: 909px) 67vw, (max-width: 1362px) 62vw, 840px\" \/><\/figure>\n\n\n\n<p><\/p>\n\n\n\n<p>Avant de continuer avec <strong>V\u00e9ronique <\/strong>les <strong>5 marches du Cerf<\/strong>, en collaboration avec B\u00e9atrice, Domie et Marie.<\/p>\n\n\n\n<div class=\"wp-block-image\"><figure class=\"aligncenter size-large\"><img loading=\"lazy\" width=\"1707\" height=\"959\" src=\"https:\/\/ecoleduqi-lereseau.org\/wp-content\/uploads\/2025\/10\/Cerf-compresse\u0301-1-edited.jpeg\" alt=\"\" class=\"wp-image-1135\" srcset=\"https:\/\/ecoleduqi-lereseau.org\/wp-content\/uploads\/2025\/10\/Cerf-compresse\u0301-1-edited.jpeg 1707w, https:\/\/ecoleduqi-lereseau.org\/wp-content\/uploads\/2025\/10\/Cerf-compresse\u0301-1-edited-300x169.jpeg 300w, https:\/\/ecoleduqi-lereseau.org\/wp-content\/uploads\/2025\/10\/Cerf-compresse\u0301-1-edited-1024x575.jpeg 1024w, https:\/\/ecoleduqi-lereseau.org\/wp-content\/uploads\/2025\/10\/Cerf-compresse\u0301-1-edited-768x431.jpeg 768w, https:\/\/ecoleduqi-lereseau.org\/wp-content\/uploads\/2025\/10\/Cerf-compresse\u0301-1-edited-1536x863.jpeg 1536w, https:\/\/ecoleduqi-lereseau.org\/wp-content\/uploads\/2025\/10\/Cerf-compresse\u0301-1-edited-1200x674.jpeg 1200w\" sizes=\"(max-width: 709px) 85vw, (max-width: 909px) 67vw, (max-width: 1362px) 62vw, 840px\" \/><\/figure><\/div>\n\n\n\n<p>Ensuite, <strong>Marie<\/strong>, nous a propos\u00e9 l\u2019atelier \u00ab Quand mon centre chante et que mon c\u0153ur s\u2019ouvre \u00bb<br>Nous avons commenc\u00e9 en position assise \u00e0 l\u2019\u00e9coute de notre respiration abdominale en respiration naturelle bouddhiste puis en invers\u00e9e en portant notre attention sur le d\u00e9ploiement dans toutes les directions de ce souffle et la diff\u00e9rence d\u2019amplitude entre les 2 types de respirations.<br>Nous nous sommes ensuite allong\u00e9s en \u00e9toile, les t\u00eates au centre et avons laiss\u00e9 chanter nos centres.<br>Nous sommes revenus en position assise, ancr\u00e9s et solides sur nos racines et nos centres pour \u00e9couter\/ressentir les battements de notre c\u0153ur organe. Puis s\u2019ouvrir \u00e0 une \u00e9coute plus subtile dans la profondeur de notre coeur avec bienveillance et douceur. L\u2019inviter \u00e0 se d\u00e9ployer de plus en plus loin et en toute s\u00e9r\u00e9nit\u00e9 gr\u00e2ce au soutien, \u00e0 l\u2019appui de notre centre et en se servant de notre respiration. D\u2019abord en respiration bouddhiste puis en invers\u00e9e pour explorer\/d\u00e9couvrir la diff\u00e9rence de qualit\u00e9 de d\u00e9ploiement.<br>Enfin, nous nous sommes mis debout pour pratiquer avec cette qualit\u00e9 d\u2019ouverture de coeur et de dantian m\u00e9dian \u00ab la fleur d\u2019or emplit le champ \u00bb du WuDang 2.<\/p>\n\n\n\n<p>Puis, au lieu d\u2019une relaxation au Sol , <strong>Alexandra<\/strong> nous a invit\u00e9 \u00e0 pratiquer tous ensemble, les mouvements des 24 Tao\u00efstes qui travaillaient l\u2019ouverture du C\u0153ur:<\/p>\n\n\n\n<ol><li>Yin Yang du Tai Ji (ouverture par le 1er mouvement bien s\u00fbr!)<\/li><li>Les bras s\u2019ouvrent et se ferment<\/li><li>Ouvrir les ailes \u00e0 gauche et \u00e0 droite<\/li><li>Le singe d\u2019or offre des fruits<\/li><li>Le grue dor\u00e9e sort ses griffes<\/li><li>Partager \u00e0 \u00e9galit\u00e9<\/li><li>Le fleur d\u2019or tombe d\u00e9licatement<\/li><\/ol>\n\n\n\n<p>Enfin, <strong>Anne<\/strong>, nous a lu des extraits du livre de Claude Larre et Elisabeth Rochat de la Vall\u00e9e \u00ab les mouvements du c\u0153ur \u00bb (p 79 \u00e0 86), avec de tr\u00e8s beaux passages:<br>\u00ab Il n\u2019 y a rien d\u2019autre \u00e0 faire qu\u2019\u00e0 \u00eatre \u00bb ou \u00ab l\u2019art du coeur permet de vider le coeur pour entrer en possession de soi et de l\u2019univers \u00bb.<br>Sujet qui a ouvert sur des \u00e9changes de coeur \u00e0 coeur.<br><strong>Domie<\/strong> a conseill\u00e9 de lire aussi <strong>les \u00e9crits de Marie-Ina Bergeron<\/strong> sur le m\u00eame sujet.<\/p>\n\n\n\n<div class=\"wp-block-image\"><figure class=\"aligncenter\"><img src=\"https:\/\/meh06.synology.me:5001\/oo\/file\/1028_693MRBSUKD5S7AQFFR1MACENRK.doc\/GD24SKTRDH6U1FU2183HHPQ5ES\/img?tid=%22uFSurPHrvGW7m8mbYQR7LBzWJSQedLxQCc1gYyALMZtQkIEQT1Aq6vRUiazNL1CtE2Bt3j6LZ5eHUP3v%22\" alt=\"\"\/><\/figure><\/div>\n\n\n\n<p><strong>En soir\u00e9e,<\/strong> nous avons fait le point ensemble sur le r\u00e9seau.<br>Puis nous avons choisi la date et le th\u00e8me pour l\u2019ann\u00e9e prochaine:<br><strong>2\/3\/4 octobre 2026: \u00ab Qi Gong et images symboliques \u00bb.<\/strong><br>Parce que c\u2019est la p\u00e9riode qui semble correspondre au plus grand nombre et pour simplifier les choses, il a \u00e9t\u00e9 vot\u00e9 que <strong>la rencontre r\u00e9seau se d\u00e9roulera dor\u00e9navant les 1ers week-end d\u2019Octobre.<\/strong><br>Afin de lever toute ambigu\u00eft\u00e9 sur le fait que <strong>les non-enseignants sont accept\u00e9s \u00e0 partir du moment o\u00f9 ils ont un niveau \u00e9quivalent \u00e0 une 2\u00e8me ann\u00e9e de Yi<\/strong>, il a \u00e9t\u00e9 d\u00e9cid\u00e9 de modifier le nom (qui devient \u00ab Le r\u00e9seau de la lign\u00e9e de l\u2019\u00e9cole du Qi \u00bb) et de revoir le site du r\u00e9seau en ce sens gr\u00e2ce \u00e0 l\u2019aide d\u2019Anne, Nicole et Nicolas.<\/p>\n\n\n\n<p><strong><u>Dimanche<\/u><\/strong><\/p>\n\n\n\n<p><strong>Florence<\/strong>, nous a amen\u00e9 de reptile \u00e0 humain gr\u00e2ce aux r\u00e9flexes archa\u00efques.<br>Nous avons commenc\u00e9 sur le ventre par la respiration du crocodile , puis hochant la t\u00eate en observant notre environnement. On arrive \u00e0 la position de Landau et quelques auto-bercements avec comme point de pouss\u00e9e les pieds , puis les mains . En se retournant nous sommes pass\u00e9 du \u00ab tigre regarde sa queue \u00bb \u00e0 un retournement en position assise , puis au mouvement \u00ab t\u00eatard devient grenouille \u00bb . Ensuite , nous avons continu\u00e9 sur le dos \u00e0 se faire rouler sur les cot\u00e9s pour ressentir le bassin et la t\u00eate qui continue a tourner et regarder du cot\u00e9 oppos\u00e9 aux genoux fl\u00e9chis pour lib\u00e9rer un r\u00e9flexe du cou . Nous avons termin\u00e9 par un mouvement de roulade arri\u00e8re qui avec l\u2019impulsion nous permet de se relever debout.<\/p>\n\n\n\n<figure class=\"wp-block-gallery columns-2 is-cropped\"><ul class=\"blocks-gallery-grid\"><li class=\"blocks-gallery-item\"><figure><img loading=\"lazy\" width=\"640\" height=\"480\" src=\"https:\/\/ecoleduqi-lereseau.org\/wp-content\/uploads\/2025\/10\/Atelier-Florence-gens-allonge\u0301s-1.jpg\" alt=\"\" data-id=\"1124\" class=\"wp-image-1124\" srcset=\"https:\/\/ecoleduqi-lereseau.org\/wp-content\/uploads\/2025\/10\/Atelier-Florence-gens-allonge\u0301s-1.jpg 640w, https:\/\/ecoleduqi-lereseau.org\/wp-content\/uploads\/2025\/10\/Atelier-Florence-gens-allonge\u0301s-1-300x225.jpg 300w\" sizes=\"(max-width: 640px) 85vw, 640px\" \/><\/figure><\/li><li class=\"blocks-gallery-item\"><figure><img loading=\"lazy\" width=\"480\" height=\"640\" src=\"https:\/\/ecoleduqi-lereseau.org\/wp-content\/uploads\/2025\/10\/Atelier-Florence-Florence.jpg\" alt=\"\" data-id=\"1125\" data-full-url=\"https:\/\/ecoleduqi-lereseau.org\/wp-content\/uploads\/2025\/10\/Atelier-Florence-Florence.jpg\" data-link=\"https:\/\/ecoleduqi-lereseau.org\/index.php\/rencontre-annuelle-2025\/atelier-florence-florence\/\" class=\"wp-image-1125\" srcset=\"https:\/\/ecoleduqi-lereseau.org\/wp-content\/uploads\/2025\/10\/Atelier-Florence-Florence.jpg 480w, https:\/\/ecoleduqi-lereseau.org\/wp-content\/uploads\/2025\/10\/Atelier-Florence-Florence-225x300.jpg 225w\" sizes=\"(max-width: 480px) 85vw, 480px\" \/><\/figure><\/li><\/ul><\/figure>\n\n\n\n<p class=\"has-text-align-center\"><\/p>\n\n\n\n<div class=\"wp-block-image\"><figure class=\"aligncenter size-large is-resized\"><img loading=\"lazy\" src=\"https:\/\/ecoleduqi-lereseau.org\/wp-content\/uploads\/2025\/10\/Atelier-Florence-groupe-1024x768.jpeg\" alt=\"\" class=\"wp-image-1126\" width=\"659\" height=\"494\" srcset=\"https:\/\/ecoleduqi-lereseau.org\/wp-content\/uploads\/2025\/10\/Atelier-Florence-groupe-1024x768.jpeg 1024w, https:\/\/ecoleduqi-lereseau.org\/wp-content\/uploads\/2025\/10\/Atelier-Florence-groupe-300x225.jpeg 300w, https:\/\/ecoleduqi-lereseau.org\/wp-content\/uploads\/2025\/10\/Atelier-Florence-groupe-768x576.jpeg 768w, https:\/\/ecoleduqi-lereseau.org\/wp-content\/uploads\/2025\/10\/Atelier-Florence-groupe-1536x1152.jpeg 1536w, https:\/\/ecoleduqi-lereseau.org\/wp-content\/uploads\/2025\/10\/Atelier-Florence-groupe-1200x900.jpeg 1200w, https:\/\/ecoleduqi-lereseau.org\/wp-content\/uploads\/2025\/10\/Atelier-Florence-groupe.jpeg 1707w\" sizes=\"(max-width: 659px) 85vw, 659px\" \/><\/figure><\/div>\n\n\n\n<p class=\"has-text-align-center\"><\/p>\n\n\n\n<p>Ce qui a lanc\u00e9 <strong>Martine<\/strong> a nous initi\u00e9 \u00e0 la Danse Contact<\/p>\n\n\n\n<div class=\"wp-block-image\"><figure class=\"aligncenter is-resized\"><img loading=\"lazy\" src=\"https:\/\/meh06.synology.me:5001\/oo\/file\/1028_693MRBSUKD5S7AQFFR1MACENRK.doc\/368JQHDC1T5DJ3N0G95ML33MT4\/img?tid=%22uFSurPHrvGW7m8mbYQR7LBzWJSQedLxQCc1gYyALMZtQkIEQT1Aq6vRUiazNL1CtE2Bt3j6LZ5eHUP3v%22\" alt=\"\" width=\"668\" height=\"495\"\/><\/figure><\/div>\n\n\n\n<p>\u2022\u2060 \u2060petit \u00e9chauffement : mobiliser le bassin en marchant, le laisser \u00ab&nbsp;rebondir&nbsp;\u00bb , laisser le mouvement se propager dans la colonne, dans les membres, au-del\u00e0 de notre corps \/ ralentir jusqu&rsquo;au seul mouvement interne<br>\u00c0 deux<br>\u2022\u2060 \u2060sans contact : je suis autonome dans mon mouvement ET je danse en ne faisant qu\u2019une seule peau avec l\u2019autre, faire syst\u00e8me \/<br>\u2022\u2060 Puis \u2060contact l\u00e9ger main contre main ou main sur \u00e9paule \/ sentir les appuis de son\u00b7sa partenaire \/ 2 r\u00f4les : un\u00b7e qui touche, un\u00b7e qui est touch\u00e9\u00b7e &#8211; 3 \u00ab\u00a0questions\u00a0\u00bb (par le sentir) : \u00ab\u00a0o\u00f9 es-tu?\u00a0\u00bb, \u00ab\u00a0o\u00f9 vas-tu?\u00a0\u00bb \u00ab\u00a0veux-tu venir avec moi ?\u00a0\u00bb &#8211; invitation \u00ab\u00a0non autoritaire\u00a0\u00bb \/ s&rsquo;autoriser pour la personne touch\u00e9e \u00e0 ne pas r\u00e9pondre \u00e0 l&rsquo;invitation \/ inverser les r\u00f4les \/ alterner les r\u00f4les al\u00e9atoirement \/<br>\u2022\u2060 \u2060Puis s&rsquo;autoriser d&rsquo;autres points de contacts : \u00e9paule, t\u00eate, bras, dos, jambe etc \/ des changements de rythme, descendre au sol, remonter \/ s&rsquo;autoriser \u00e0 perdre le contact et revenir \/ explorer<br>\u2022\u2060 \u2060Finir en trouvant l&rsquo;\u00e9quilibre \u00e0 2 dans un appui commun \/ Rester le temps n\u00e9cessaire<br><\/p>\n\n\n\n<p>Nous avons fini la matin\u00e9e par une pratique partag\u00e9e par <strong>Domie, <\/strong>le \u00ab Zhang Qi Gong \u00bb. Une pratique qu\u2019elle a re\u00e7u d\u2019Oskar Salazar , enseignant de Qi Gong et de Taoisme , m\u00e9decin \u00e0 l\u2019universit\u00e9 de Guadalajara au Mexique et de m\u00e9decine chinoise et qu&rsquo;elle n\u2019avait transmise qu\u2019une seule fois. Quel beau cadeau!<br>Une pratique avec diff\u00e9rentes postures puissantes pour capter la lumi\u00e8re .<\/p>\n\n\n\n<p>Apr\u00e8s la pause d\u00e9jeuner, <strong>B\u00e9atrice <\/strong>nous a fait tourner avec la \u00ab m\u00e9ditation des 4 directions \u00bb<br>Les mains sur la poitrine , en avan\u00e7ant le pieds et le bras du m\u00eame cot\u00e9 ( une fois \u00e0 droite puis \u00e0 gauche ), nous avons visit\u00e9 les directions nord puis Est\/Ouest , puis Sud pendant 6 minutes dans chaque direction . Puis la direction \u00ab En cercle \u00bbqui comprend la s\u00e9rie de mouvements Nord, Est\/Ouest et Sud en r\u00e9p\u00e9titions pour 8 minutes . Le rythme de la musique s \u2018acc\u00e9l\u00e8re et on acc\u00e9l\u00e8re notre respiration .Puis une assise de 5 minutes pour revenir dans son temple int\u00e9rieur et 14 minutes allong\u00e9 \u00e0 \u00e9couter le son des bols tib\u00e9tains .<\/p>\n\n\n\n<div class=\"wp-block-image\"><figure class=\"aligncenter is-resized\"><img loading=\"lazy\" src=\"https:\/\/meh06.synology.me:5001\/oo\/file\/1028_693MRBSUKD5S7AQFFR1MACENRK.doc\/D0GP1DPQRT6ST5D00QH5BGAGR0\/img?tid=%22uFSurPHrvGW7m8mbYQR7LBzWJSQedLxQCc1gYyALMZtQkIEQT1Aq6vRUiazNL1CtE2Bt3j6LZ5eHUP3v%22\" alt=\"\" width=\"668\" height=\"480\"\/><\/figure><\/div>\n\n\n\n<p>Nous avons <strong>cl\u00f4turer cette rencontre en pratiquant le Tai Ji Qi Gong<\/strong> ensemble.<\/p>\n\n\n\n<p class=\"has-text-align-center\">Une rencontre \u00e0 11 participants incluant Domie , avec une belle \u00e9nergie du groupe, des partages profonds et la joie d\u2019 \u00eatre et de cr\u00e9er ensemble !<strong><\/strong><\/p>\n\n\n\n<p class=\"has-text-align-center\"><strong>Rendez-vous tous les 1ers week-end des mois d\u2019octobre <br>pour nos rencontres annuelles<\/strong> <strong>du R\u00e9seau de la lign\u00e9e de l\u2019\u00e9cole du Qi<\/strong><\/p>\n\n\n\n<figure class=\"wp-block-image is-resized\"><img loading=\"lazy\" src=\"https:\/\/meh06.synology.me:5001\/oo\/file\/1028_693MRBSUKD5S7AQFFR1MACENRK.doc\/86B6J1PRH92TBE2GCIC6PTA18O\/img?tid=%22uFSurPHrvGW7m8mbYQR7LBzWJSQedLxQCc1gYyALMZtQkIEQT1Aq6vRUiazNL1CtE2Bt3j6LZ5eHUP3v%22\" alt=\"\" width=\"668\" height=\"1500\"\/><\/figure>\n","protected":false},"excerpt":{"rendered":"<p>Compte Rendu de la rencontre R\u00e9seauOctobre 2025 Vendredi Nous avons commenc\u00e9 par lister les ateliers propos\u00e9s pr\u00eats ou en pr\u00e9parationNous nous sommes mis en route avec divers exercices de d\u00e9tente du diaphragme:nous avons commenc\u00e9 par bailler beaucoup et rigol\u00e9 de bailler tant puis fait les exercices suivants : Le cerf aboie D\u00e9tente du diaphragme en &hellip; <a href=\"https:\/\/ecoleduqi-lereseau.org\/index.php\/rencontre-annuelle-2025\/\" class=\"more-link\">Continuer la lecture<span class=\"screen-reader-text\"> de &laquo;&nbsp;Rencontre annuelle 2025&nbsp;&raquo;<\/span><\/a><\/p>\n","protected":false},"author":5,"featured_media":0,"parent":0,"menu_order":0,"comment_status":"closed","ping_status":"closed","template":"","meta":[],"_links":{"self":[{"href":"https:\/\/ecoleduqi-lereseau.org\/index.php\/wp-json\/wp\/v2\/pages\/1090"}],"collection":[{"href":"https:\/\/ecoleduqi-lereseau.org\/index.php\/wp-json\/wp\/v2\/pages"}],"about":[{"href":"https:\/\/ecoleduqi-lereseau.org\/index.php\/wp-json\/wp\/v2\/types\/page"}],"author":[{"embeddable":true,"href":"https:\/\/ecoleduqi-lereseau.org\/index.php\/wp-json\/wp\/v2\/users\/5"}],"replies":[{"embeddable":true,"href":"https:\/\/ecoleduqi-lereseau.org\/index.php\/wp-json\/wp\/v2\/comments?post=1090"}],"version-history":[{"count":13,"href":"https:\/\/ecoleduqi-lereseau.org\/index.php\/wp-json\/wp\/v2\/pages\/1090\/revisions"}],"predecessor-version":[{"id":1140,"href":"https:\/\/ecoleduqi-lereseau.org\/index.php\/wp-json\/wp\/v2\/pages\/1090\/revisions\/1140"}],"wp:attachment":[{"href":"https:\/\/ecoleduqi-lereseau.org\/index.php\/wp-json\/wp\/v2\/media?parent=1090"}],"curies":[{"name":"wp","href":"https:\/\/api.w.org\/{rel}","templated":true}]}}